{"id":7699,"date":"2023-12-12T09:38:34","date_gmt":"2023-12-12T09:38:34","guid":{"rendered":"https:\/\/coboconsult.dk\/?page_id=7699"},"modified":"2023-12-12T10:42:33","modified_gmt":"2023-12-12T10:42:33","slug":"__trashed-4","status":"publish","type":"page","link":"https:\/\/coboconsult.dk\/da\/__trashed-4\/","title":{"rendered":"Elementor #7613 &#8211; Copy"},"content":{"rendered":"\t\t<div data-elementor-type=\"wp-page\" data-elementor-id=\"7699\" class=\"elementor elementor-7699\">\n\t\t\t\t\t\t\t\t\t<section class=\"elementor-section elementor-top-section elementor-element elementor-element-eeec054 elementor-section-boxed elementor-section-height-default elementor-section-height-default\" data-id=\"eeec054\" data-element_type=\"section\" data-settings=\"{&quot;_ha_eqh_enable&quot;:false}\">\n\t\t\t\t\t\t<div class=\"elementor-container elementor-column-gap-default\">\n\t\t\t\t\t<div class=\"elementor-column elementor-col-100 elementor-top-column elementor-element elementor-element-7ffeedf\" data-id=\"7ffeedf\" data-element_type=\"column\">\n\t\t\t<div class=\"elementor-widget-wrap elementor-element-populated\">\n\t\t\t\t\t\t\t\t<div class=\"elementor-element elementor-element-e5afdb1 elementor-widget elementor-widget-shortcode\" data-id=\"e5afdb1\" data-element_type=\"widget\" data-widget_type=\"shortcode.default\">\n\t\t\t\t<div class=\"elementor-widget-container\">\n\t\t\t\t\t<div class=\"elementor-shortcode\"><style type='text\/css' media='all'>#rt-tpg-container-2121249776 .rt-holder .rt-woo-info .price{color:#108484;}body .rt-tpg-container .rt-tpg-isotope-buttons .selected,\r\n\t\t\t\t\t#rt-tpg-container-2121249776 .layout12 .rt-holder:hover .rt-detail,\r\n\t\t\t\t\t#rt-tpg-container-2121249776 .isotope8 .rt-holder:hover .rt-detail,\r\n\t\t\t\t\t#rt-tpg-container-2121249776 .carousel8 .rt-holder:hover .rt-detail,\r\n\t\t\t\t\t#rt-tpg-container-2121249776 .layout13 .rt-holder .overlay .post-info,\r\n\t\t\t\t\t#rt-tpg-container-2121249776 .isotope9 .rt-holder .overlay .post-info,\r\n\t\t\t\t\t#rt-tpg-container-2121249776.rt-tpg-container .layout4 .rt-holder .rt-detail,\r\n\t\t\t\t\t.rt-modal-2121249776 .md-content,\r\n\t\t\t\t\t.rt-modal-2121249776 .md-content > .rt-md-content-holder .rt-md-content,\r\n\t\t\t\t\t.rt-popup-wrap-2121249776.rt-popup-wrap .rt-popup-navigation-wrap,\r\n\t\t\t\t\t#rt-tpg-container-2121249776 .carousel9 .rt-holder .overlay .post-info{background-color:#108484;}#rt-tpg-container-2121249776 .layout5 .rt-holder .overlay, #rt-tpg-container-2121249776 .isotope2 .rt-holder .overlay, #rt-tpg-container-2121249776 .carousel2 .rt-holder .overlay,#rt-tpg-container-2121249776 .layout15 .rt-holder h3, #rt-tpg-container-2121249776 .isotope11 .rt-holder h3, #rt-tpg-container-2121249776 .carousel11 .rt-holder h3, #rt-tpg-container-2121249776 .layout16 .rt-holder h3,\r\n\t\t\t\t\t#rt-tpg-container-2121249776 .isotope12 .rt-holder h3, #rt-tpg-container-2121249776 .carousel12 .rt-holder h3 {background-color:rgba(16,132,132,0.8);}#rt-tpg-container-2121249776 .pagination-list li a,\r\n\t\t\t\t\trt-tpg-container-2121249776 .pagination-list li span,\r\n\t\t\t\t\trt-tpg-container-2121249776 .pagination li a,\r\n\t\t\t\t\t#rt-tpg-container-2121249776 .rt-tpg-isotope-buttons button,\r\n\t\t\t\t\t#rt-tpg-container-2121249776 .rt-tpg-utility .rt-tpg-load-more button,\r\n\t\t\t\t\t#rt-tpg-container-2121249776.rt-tpg-container .swiper-navigation .slider-btn,\r\n\t\t\t\t\t#rt-tpg-container-2121249776.rt-tpg-container .swiper-pagination-bullet,\r\n\t\t\t\t\t#rt-tpg-container-2121249776 .wc1 .rt-holder .rt-img-holder .overlay .product-more ul li a,\r\n\t\t\t\t\t#rt-tpg-container-2121249776 .wc2 .rt-detail .rt-wc-add-to-cart,\r\n\t\t\t\t\t#rt-tpg-container-2121249776 .wc3 .rt-detail .rt-wc-add-to-cart,\r\n\t\t\t\t\t#rt-tpg-container-2121249776 .wc4 .rt-detail .rt-wc-add-to-cart,\r\n\t\t\t\t\t#rt-tpg-container-2121249776 .wc-carousel2 .rt-detail .rt-wc-add-to-cart,\r\n\t\t\t\t\t#rt-tpg-container-2121249776 .wc-isotope2 .rt-detail .rt-wc-add-to-cart,\r\n\t\t\t\t\t#rt-tpg-container-2121249776 .rt-layout-filter-container .rt-filter-wrap .rt-filter-item-wrap.rt-filter-dropdown-wrap .rt-filter-dropdown,\r\n\t\t\t\t\t#rt-tpg-container-2121249776 .rt-layout-filter-container .rt-filter-sub-tax.sub-button-group .rt-filter-button-item,\r\n\t\t\t\t\t#rt-tpg-container-2121249776.rt-tpg-container .rt-pagination-wrap .rt-page-numbers .paginationjs .paginationjs-pages ul li>a,\r\n\t\t\t\t\t#rt-tpg-container-2121249776 .rt-filter-item-wrap.rt-filter-button-wrap span.rt-filter-button-item,\r\n\t\t\t\t\t#rt-tpg-container-2121249776.rt-tpg-container .rt-pagination-wrap  .rt-loadmore-btn,\r\n\t\t\t\t\t#rt-tpg-container-2121249776.rt-tpg-container .rt-pagination-wrap .rt-cb-page-prev-next > *,\r\n\t\t\t\t\t#rt-tpg-container-2121249776 .rt-read-more,\r\n\t\t\t\t\t#rt-tooltip-2121249776, #rt-tooltip-2121249776 .rt-tooltip-bottom:after{background-color:#f9f9f9;}#rt-tpg-container-2121249776 .rt-filter-item-wrap.rt-filter-button-wrap span.rt-filter-button-item,\r\n\t\t\t\t\t#rt-tpg-container-2121249776 .rt-layout-filter-container .rt-filter-sub-tax.sub-button-group .rt-filter-button-item{border-color:#f9f9f9;}#rt-tpg-container-2121249776.rt-tpg-container .layout17 .rt-holder .overlay a.tpg-zoom .fa{color:#f9f9f9;}#rt-tpg-container-2121249776 .rt-holder .read-more a {background-color:#f9f9f9;padding: 8px 15px;}#rt-tpg-container-2121249776 .pagination-list li a,\r\n\t\t\t\t\t#rt-tpg-container-2121249776 .pagination li a,\r\n\t\t\t\t\t#rt-tpg-container-2121249776 .rt-tpg-isotope-buttons button,\r\n\t\t\t\t\t#rt-tpg-container-2121249776 .rt-holder .read-more a,\r\n\t\t\t\t\t#rt-tpg-container-2121249776 .rt-tpg-utility .rt-tpg-load-more button,\r\n\t\t\t\t\t#rt-tpg-container-2121249776.rt-tpg-container .swiper-navigation .slider-btn,\r\n\t\t\t\t\t#rt-tpg-container-2121249776 .wc1 .rt-holder .rt-img-holder .overlay .product-more ul li a,\r\n\t\t\t\t\t#rt-tpg-container-2121249776 .edd1 .rt-holder .rt-img-holder .overlay .product-more ul li a,\r\n\t\t\t\t\t#rt-tpg-container-2121249776 .wc2 .rt-detail .rt-wc-add-to-cart,\r\n\t\t\t\t\t#rt-tpg-container-2121249776 .wc3 .rt-detail .rt-wc-add-to-cart,\r\n\t\t\t\t\t#rt-tpg-container-2121249776 .edd2 .rt-detail .rt-wc-add-to-cart,\r\n\t\t\t\t\t#rt-tpg-container-2121249776 .wc4 .rt-detail .rt-wc-add-to-cart,\r\n\t\t\t\t\t#rt-tpg-container-2121249776 .edd3 .rt-detail .rt-wc-add-to-cart,\r\n\t\t\t\t\t#rt-tpg-container-2121249776 .wc-carousel2 .rt-detail .rt-wc-add-to-cart,\r\n\t\t\t\t\t#rt-tpg-container-2121249776 .wc-isotope2 .rt-detail .rt-wc-add-to-cart,\r\n\t\t\t\t\t#rt-tpg-container-2121249776 .rt-tpg-utility .rt-tpg-load-more button,\r\n\t\t\t\t\t#rt-tooltip-2121249776,\r\n\t\t\t\t\t#rt-tpg-container-2121249776 .rt-filter-item-wrap.rt-filter-button-wrap span.rt-filter-button-item,\r\n\t\t\t\t\t#rt-tpg-container-2121249776 .rt-layout-filter-container .rt-filter-sub-tax.sub-button-group .rt-filter-button-item,\r\n\t\t\t\t\t#rt-tpg-container-2121249776 .rt-layout-filter-container .rt-filter-wrap .rt-filter-item-wrap.rt-sort-order-action,\r\n\t\t\t\t\t#rt-tpg-container-2121249776 .rt-layout-filter-container .rt-filter-wrap .rt-filter-item-wrap.rt-filter-dropdown-wrap .rt-filter-dropdown .rt-filter-dropdown-item,\r\n\t\t\t\t\t#rt-tpg-container-2121249776.rt-tpg-container .rt-pagination-wrap .rt-page-numbers .paginationjs .paginationjs-pages ul li>a,\r\n\t\t\t\t\t#rt-tpg-container-2121249776.rt-tpg-container .rt-pagination-wrap .rt-cb-page-prev-next > *,\r\n\t\t\t\t\t#rt-tpg-container-2121249776.rt-tpg-container .rt-pagination-wrap  .rt-loadmore-btn,\r\n\t\t\t\t\t#rt-tpg-container-2121249776 .rt-read-more,\r\n\t\t\t\t\t#rt-tooltip-2121249776 .rt-tooltip-bottom:after{color:#108484;}#rt-tpg-container-2121249776 .rt-filter-item-wrap.rt-filter-button-wrap span.rt-filter-button-item:hover,\r\n\t\t\t\t\t#rt-tpg-container-2121249776 .rt-holder .read-more a:hover,\r\n\t\t\t\t\t#rt-tpg-container-2121249776.rt-tpg-container .swiper-navigation .slider-btn:hover,\r\n\t\t\t\t\t#rt-tpg-container-2121249776 .rt-layout-filter-container .rt-filter-sub-tax.sub-button-group .rt-filter-button-item:hover,\r\n\t\t\t\t\t#rt-tpg-container-2121249776 .rt-layout-filter-container .rt-filter-wrap .rt-filter-item-wrap.rt-filter-dropdown-wrap .rt-filter-dropdown .rt-filter-dropdown-item:hover,\r\n\t\t\t\t\t#rt-tpg-container-2121249776 .rt-layout-filter-container .rt-filter-wrap .rt-filter-item-wrap.rt-filter-dropdown-wrap .rt-filter-dropdown .rt-filter-dropdown-item.selected,\r\n\t\t\t\t\t#rt-tpg-container-2121249776 .rt-layout-filter-container .rt-filter-wrap .rt-filter-item-wrap.rt-sort-order-action:hover,\r\n\t\t\t\t\t#rt-tpg-container-2121249776.rt-tpg-container .rt-pagination-wrap .rt-page-numbers .paginationjs .paginationjs-pages ul li.active>a:hover,\r\n\t\t\t\t\t#rt-tpg-container-2121249776 .rt-filter-item-wrap.rt-filter-button-wrap span.rt-filter-button-item.selected,\r\n\t\t\t\t\t#rt-tpg-container-2121249776 .rt-layout-filter-container .rt-filter-wrap .rt-filter-item-wrap.rt-sort-order-action,\r\n\t\t\t\t\t#rt-tpg-container-2121249776.rt-tpg-container .rt-pagination-wrap  .rt-loadmore-btn:hover,\r\n\t\t\t\t\t#rt-tpg-container-2121249776 .rt-read-more:hover,\r\n\t\t\t\t\t#rt-tpg-container-2121249776.rt-tpg-container .rt-pagination-wrap .rt-page-numbers .paginationjs .paginationjs-pages ul li.active>a{color:#62afaf;}#rt-tpg-container-2121249776 .read-more a{border-radius:px;}#rt-tpg-container-2121249776 .rt-img-holder img.rt-img-responsive,#rt-tpg-container-2121249776 .rt-img-holder,\r\n\t\t\t\t\t#rt-tpg-container-2121249776 .rt-post-overlay .post-img,\r\n\t\t\t\t\t#rt-tpg-container-2121249776 .post-sm .post-img,\r\n\t\t\t\t\t#rt-tpg-container-2121249776 .rt-post-grid .post-img,\r\n\t\t\t\t\t#rt-tpg-container-2121249776 .post-img img {border-radius:px;}#rt-tpg-container-2121249776 .isotope1 .rt-holder .post-meta-user,\r\n\t\t\t\t\t#rt-tpg-container-2121249776 .isotope1 .rt-meta,\r\n\t\t\t\t\t#rt-tpg-container-2121249776 .isotope1 .rt-meta a,\r\n\t\t\t\t\t#rt-tpg-container-2121249776 .isotope1 .rt-holder .post-meta-user .meta-data,\r\n\t\t\t\t\t#rt-tpg-container-2121249776 .isotope1 .rt-holder .post-meta-user a,\r\n\t\t\t\t\t#rt-tpg-container-2121249776 .isotope1 .rt-holder .rt-detail .post-meta .rt-tpg-social-share,\r\n\t\t\t\t\t#rt-tpg-container-2121249776 .rt-post-overlay .post-meta-user span,\r\n\t\t\t\t\t#rt-tpg-container-2121249776 .rt-post-overlay .post-meta-user,\r\n\t\t\t\t\t#rt-tpg-container-2121249776 .rt-post-overlay .post-meta-user a,\r\n\t\t\t\t\t#rt-tpg-container-2121249776 .rt-post-grid .post-meta-user,\r\n\t\t\t\t\t#rt-tpg-container-2121249776 .rt-post-grid .post-meta-user a,\r\n\t\t\t\t\t#rt-tpg-container-2121249776 .rt-post-box-media-style .post-meta-user,\r\n\t\t\t\t\t#rt-tpg-container-2121249776 .rt-post-box-media-style .post-meta-user a,\r\n\t\t\t\t\t#rt-tpg-container-2121249776 .isotope1 .post-meta-user i,\r\n\t\t\t\t\t#rt-tpg-container-2121249776 .rt-detail .post-meta-category a,\r\n\t\t\t\t\t#rt-tpg-container-2121249776 .isotope1 .post-meta-user a\r\n\t\t\t\t\t#rt-tpg-container-2121249776 .isotope1 .post-meta-user a {color:#108484;font-size:11px;}<\/style><div class='rt-container-fluid rt-tpg-container tpg-shortcode-main-wrapper ' id='rt-tpg-container-2121249776'   data-layout='isotope1' data-grid-style='even' data-desktop-col='3'  data-tab-col='2'  data-mobile-col='1' data-sc-id='6631'><div data-title='Loading ...' class='rt-row rt-content-loader   isotope1 tpg-pre-loader'><div class=\"tpg-iso-filter\"><div id='iso-button-2121249776' class='rt-tpg-isotope-buttons button-group filter-button-group option-set' data-url='' data-count=''><button class=\"rt-iso-btn-alle\" data-filter=\".iso_136\">Alle<\/button><button class=\"rt-iso-btn-cfo\" data-filter=\".iso_140\">CFO &amp; Compliance<\/button><button class=\"rt-iso-btn-due-dilligence-da\" data-filter=\".iso_146\">Due Dilligence<\/button><button class=\"rt-iso-btn-produktion\" data-filter=\".iso_12\">Etablering af produktion<\/button><button class=\"rt-iso-btn-finansering\" data-filter=\".iso_109\">Finansering<\/button><button class=\"rt-iso-btn-salg-da\" data-filter=\".iso_130\">Forretningsudvikling<\/button><button class=\"rt-iso-btn-ikke-kategoriseret-en\" data-filter=\".iso_183\">Ikke kategoriseret<\/button><button class=\"rt-iso-btn-medicinskudstyr\" data-filter=\".iso_1\">medicinskudstyr<\/button><button class=\"rt-iso-btn-partnersoegning-da\" data-filter=\".iso_134\">Partners\u00f8gning<\/button><button class=\"rt-iso-btn-hr-da\" data-filter=\".iso_138\">Rekruttering &amp; HR<\/button><button class=\"rt-iso-btn-selskabsetablering\" data-filter=\".iso_103\">Selskabsetablering<\/button><\/div><\/div><div class='rt-tpg-isotope' id='iso-tpg-2121249776'><div class=\"rt-col-md-4 rt-col-sm-6 rt-col-xs-12 masonry-grid-item rt-grid-item isotope-item iso_136 rt-item-alle iso_109 rt-item-finansering iso_134 rt-item-partnersoegning-da\" data-id=\"6555\"><div class=\"rt-holder\"><div class=\"rt-img-holder\"><a data-id=\"6555\" class=\"\" href=\"https:\/\/coboconsult.dk\/da\/2023\/03\/robotto\/17\/\"><img loading=\"lazy\" decoding=\"async\" class=\"rt-img-responsive \" src=\"https:\/\/coboconsult.dk\/wp-content\/uploads\/2023\/03\/Robotto.png\" width=\"500\" height=\"200\" alt=\"Robotto\" \/><\/a><\/div><div class='rt-detail'><h3 class=\"entry-title\"><a data-id=\"6555\" class=\"\" href=\"https:\/\/coboconsult.dk\/da\/2023\/03\/robotto\/17\/\">Robotto<\/a><\/h3><div class='post-meta-user  '><span class='categories-links'><i class='flaticon-tpg-folder '><\/i><a class=\"alle\" href=\"https:\/\/coboconsult.dk\/da\/category\/alle\/\" rel=\"tag\">Alle<\/a><span class=\"rt-separator\">,<\/span><a class=\"finansering\" href=\"https:\/\/coboconsult.dk\/da\/category\/alle\/finansering\/\" rel=\"tag\">Finansering<\/a><span class=\"rt-separator\">,<\/span><a class=\"partnersoegning-da\" href=\"https:\/\/coboconsult.dk\/da\/category\/alle\/partnersoegning-da\/\" rel=\"tag\">Partners\u00f8gning<\/a><\/span><span class='post-tags-links'><i class='flaticon-tpg-tag '><\/i><a href=\"https:\/\/coboconsult.dk\/da\/tag\/ai\/\" rel=\"tag\">AI<\/a><span class=\"rt-separator\">,<\/span><a href=\"https:\/\/coboconsult.dk\/da\/tag\/it\/\" rel=\"tag\">IT<\/a><span class=\"rt-separator\">,<\/span><a href=\"https:\/\/coboconsult.dk\/da\/tag\/robotter\/\" rel=\"tag\">Robotter<\/a><\/span><\/div><div class='tpg-excerpt'>ROBOTTO Robotto er en dansk virksomhed, der udvikler, producerer og s\u00e6lger autonome droner og dronesoftware til at overv\u00e5ge og bek\u00e6mpe skovbrande.Virksomheden blev...<\/div><div class='post-meta center'><span class='read-more'><a data-id='6555' class='' href='https:\/\/coboconsult.dk\/da\/2023\/03\/robotto\/17\/'>L\u00e6s mere<\/a><\/span><\/div><\/div><\/div><\/div><div class=\"rt-col-md-4 rt-col-sm-6 rt-col-xs-12 masonry-grid-item rt-grid-item isotope-item iso_136 rt-item-alle iso_109 rt-item-finansering iso_134 rt-item-partnersoegning-da\" data-id=\"6281\"><div class=\"rt-holder\"><div class=\"rt-img-holder\"><a data-id=\"6281\" class=\"\" href=\"https:\/\/coboconsult.dk\/da\/2023\/03\/limitech\/02\/\"><img loading=\"lazy\" decoding=\"async\" class=\"rt-img-responsive \" src=\"https:\/\/coboconsult.dk\/wp-content\/uploads\/2023\/03\/Limitech-300x120.png\" width=\"300\" height=\"120\" alt=\"Limitech\" \/><\/a><\/div><div class='rt-detail'><h3 class=\"entry-title\"><a data-id=\"6281\" class=\"\" href=\"https:\/\/coboconsult.dk\/da\/2023\/03\/limitech\/02\/\">Limitech<\/a><\/h3><div class='post-meta-user  '><span class='categories-links'><i class='flaticon-tpg-folder '><\/i><a class=\"alle\" href=\"https:\/\/coboconsult.dk\/da\/category\/alle\/\" rel=\"tag\">Alle<\/a><span class=\"rt-separator\">,<\/span><a class=\"finansering\" href=\"https:\/\/coboconsult.dk\/da\/category\/alle\/finansering\/\" rel=\"tag\">Finansering<\/a><span class=\"rt-separator\">,<\/span><a class=\"partnersoegning-da\" href=\"https:\/\/coboconsult.dk\/da\/category\/alle\/partnersoegning-da\/\" rel=\"tag\">Partners\u00f8gning<\/a><\/span><span class='post-tags-links'><i class='flaticon-tpg-tag '><\/i><a href=\"https:\/\/coboconsult.dk\/da\/tag\/foedevareindustri\/\" rel=\"tag\">F\u00f8devareindustri<\/a><span class=\"rt-separator\">,<\/span><a href=\"https:\/\/coboconsult.dk\/da\/tag\/procesindustri\/\" rel=\"tag\">Procesindustri<\/a><\/span><\/div><div class='tpg-excerpt'>IB SIMONSEN NEUSTRUP SALES AND MARKETING DIRECTOR, LIMITECH Vi har l\u00e6nge gerne ville i gang\u00a0i Indien, da det et stort marked i v\u00e6kst, som har attraktivt potentiale...<\/div><div class='post-meta center'><span class='read-more'><a data-id='6281' class='' href='https:\/\/coboconsult.dk\/da\/2023\/03\/limitech\/02\/'>L\u00e6s mere<\/a><\/span><\/div><\/div><\/div><\/div><div class=\"rt-col-md-4 rt-col-sm-6 rt-col-xs-12 masonry-grid-item rt-grid-item isotope-item iso_136 rt-item-alle iso_140 rt-item-cfo iso_138 rt-item-hr-da iso_103 rt-item-selskabsetablering\" data-id=\"6551\"><div class=\"rt-holder\"><div class=\"rt-img-holder\"><a data-id=\"6551\" class=\"\" href=\"https:\/\/coboconsult.dk\/da\/2023\/03\/dansk-scanning\/17\/\"><img loading=\"lazy\" decoding=\"async\" class=\"rt-img-responsive \" src=\"https:\/\/coboconsult.dk\/wp-content\/uploads\/2023\/03\/Dansk-Scanning.png\" width=\"500\" height=\"200\" alt=\"Dansk Scanning\" \/><\/a><\/div><div class='rt-detail'><h3 class=\"entry-title\"><a data-id=\"6551\" class=\"\" href=\"https:\/\/coboconsult.dk\/da\/2023\/03\/dansk-scanning\/17\/\">Dansk Scanning<\/a><\/h3><div class='post-meta-user  '><span class='categories-links'><i class='flaticon-tpg-folder '><\/i><a class=\"alle\" href=\"https:\/\/coboconsult.dk\/da\/category\/alle\/\" rel=\"tag\">Alle<\/a><span class=\"rt-separator\">,<\/span><a class=\"cfo\" href=\"https:\/\/coboconsult.dk\/da\/category\/alle\/cfo\/\" rel=\"tag\">CFO &amp; Compliance<\/a><span class=\"rt-separator\">,<\/span><a class=\"hr-da\" href=\"https:\/\/coboconsult.dk\/da\/category\/alle\/hr-da\/\" rel=\"tag\">Rekruttering &amp; HR<\/a><span class=\"rt-separator\">,<\/span><a class=\"selskabsetablering\" href=\"https:\/\/coboconsult.dk\/da\/category\/alle\/selskabsetablering\/\" rel=\"tag\">Selskabsetablering<\/a><\/span><span class='post-tags-links'><i class='flaticon-tpg-tag '><\/i><a href=\"https:\/\/coboconsult.dk\/da\/tag\/it\/\" rel=\"tag\">IT<\/a><span class=\"rt-separator\">,<\/span><a href=\"https:\/\/coboconsult.dk\/da\/tag\/software\/\" rel=\"tag\">Software<\/a><\/span><\/div><div class='tpg-excerpt'>DANSK SCANNING Dansk Scanning er en IT-virksomhed fra Esbjerg, som specialiserer sig i digitalisering af papirarkiver og SaaS-l\u00f8sninger. Med Indiens enorme...<\/div><div class='post-meta center'><span class='read-more'><a data-id='6551' class='' href='https:\/\/coboconsult.dk\/da\/2023\/03\/dansk-scanning\/17\/'>L\u00e6s mere<\/a><\/span><\/div><\/div><\/div><\/div><div class=\"rt-col-md-4 rt-col-sm-6 rt-col-xs-12 masonry-grid-item rt-grid-item isotope-item iso_136 rt-item-alle iso_130 rt-item-salg-da\" data-id=\"6969\"><div class=\"rt-holder\"><div class=\"rt-img-holder\"><a data-id=\"6969\" class=\"\" href=\"https:\/\/coboconsult.dk\/da\/2023\/03\/brdr-hartmann\/24\/\"><img loading=\"lazy\" decoding=\"async\" class=\"rt-img-responsive \" src=\"https:\/\/coboconsult.dk\/wp-content\/uploads\/2023\/03\/hartmann.png\" width=\"500\" height=\"200\" alt=\"Brdr. Hartmann\" \/><\/a><\/div><div class='rt-detail'><h3 class=\"entry-title\"><a data-id=\"6969\" class=\"\" href=\"https:\/\/coboconsult.dk\/da\/2023\/03\/brdr-hartmann\/24\/\">Brdr. Hartmann<\/a><\/h3><div class='post-meta-user  '><span class='categories-links'><i class='flaticon-tpg-folder '><\/i><a class=\"alle\" href=\"https:\/\/coboconsult.dk\/da\/category\/alle\/\" rel=\"tag\">Alle<\/a><span class=\"rt-separator\">,<\/span><a class=\"salg-da\" href=\"https:\/\/coboconsult.dk\/da\/category\/alle\/salg-da\/\" rel=\"tag\">Forretningsudvikling<\/a><\/span><span class='post-tags-links'><i class='flaticon-tpg-tag '><\/i><a href=\"https:\/\/coboconsult.dk\/da\/tag\/emballage\/\" rel=\"tag\">Emballage<\/a><span class=\"rt-separator\">,<\/span><a href=\"https:\/\/coboconsult.dk\/da\/tag\/foedevareindustri\/\" rel=\"tag\">F\u00f8devareindustri<\/a><\/span><\/div><div class='tpg-excerpt'>Torben rosenkrantz-theil CEO, Brdr. Hartmann P\u00e5 grund af massive v\u00e6kstmuligheder i Indiens emballageindustri besluttede vi &#8211; Brdr. Hartmann &#8211; at foretage...<\/div><div class='post-meta center'><span class='read-more'><a data-id='6969' class='' href='https:\/\/coboconsult.dk\/da\/2023\/03\/brdr-hartmann\/24\/'>L\u00e6s mere<\/a><\/span><\/div><\/div><\/div><\/div><div class=\"rt-col-md-4 rt-col-sm-6 rt-col-xs-12 masonry-grid-item rt-grid-item isotope-item iso_136 rt-item-alle iso_130 rt-item-salg-da\" data-id=\"6999\"><div class=\"rt-holder\"><div class=\"rt-img-holder\"><a data-id=\"6999\" class=\"\" href=\"https:\/\/coboconsult.dk\/da\/2023\/03\/audientes\/28\/\"><img loading=\"lazy\" decoding=\"async\" class=\"rt-img-responsive \" src=\"https:\/\/coboconsult.dk\/wp-content\/uploads\/2023\/03\/audientes.png\" width=\"500\" height=\"200\" alt=\"Audientes\" \/><\/a><\/div><div class='rt-detail'><h3 class=\"entry-title\"><a data-id=\"6999\" class=\"\" href=\"https:\/\/coboconsult.dk\/da\/2023\/03\/audientes\/28\/\">Audientes<\/a><\/h3><div class='post-meta-user  '><span class='categories-links'><i class='flaticon-tpg-folder '><\/i><a class=\"alle\" href=\"https:\/\/coboconsult.dk\/da\/category\/alle\/\" rel=\"tag\">Alle<\/a><span class=\"rt-separator\">,<\/span><a class=\"salg-da\" href=\"https:\/\/coboconsult.dk\/da\/category\/alle\/salg-da\/\" rel=\"tag\">Forretningsudvikling<\/a><\/span><span class='post-tags-links'><i class='flaticon-tpg-tag '><\/i><a href=\"https:\/\/coboconsult.dk\/da\/tag\/e-handel\/\" rel=\"tag\">e-handel<\/a><span class=\"rt-separator\">,<\/span><a href=\"https:\/\/coboconsult.dk\/da\/tag\/forbrugsgoder\/\" rel=\"tag\">forbrugsgoder<\/a><span class=\"rt-separator\">,<\/span><a href=\"https:\/\/coboconsult.dk\/da\/tag\/medtech\/\" rel=\"tag\">Medtech<\/a><\/span><\/div><div class='tpg-excerpt'>AUDIENTES Audientes er en dansk virksomhed, der producerer og s\u00e6lger h\u00f8reapparater til en br\u00f8kdel af prisen p\u00e5 traditionelle h\u00f8reapparater. Virksomheden bruger...<\/div><div class='post-meta center'><span class='read-more'><a data-id='6999' class='' href='https:\/\/coboconsult.dk\/da\/2023\/03\/audientes\/28\/'>L\u00e6s mere<\/a><\/span><\/div><\/div><\/div><\/div><\/div><div class=\"isotope-term-no-post\"><p>No post found<\/p><\/div><\/div><\/div><\/div>\n\t\t\t\t<\/div>\n\t\t\t\t<\/div>\n\t\t\t\t\t<\/div>\n\t\t<\/div>\n\t\t\t\t\t\t\t<\/div>\n\t\t<\/section>\n\t\t\t\t<section class=\"elementor-section elementor-top-section elementor-element elementor-element-e1c9d37 elementor-section-boxed elementor-section-height-default elementor-section-height-default\" data-id=\"e1c9d37\" data-element_type=\"section\" data-settings=\"{&quot;background_background&quot;:&quot;classic&quot;,&quot;_ha_eqh_enable&quot;:false}\">\n\t\t\t\t\t\t<div class=\"elementor-container elementor-column-gap-default\">\n\t\t\t\t\t<div class=\"elementor-column elementor-col-50 elementor-top-column elementor-element elementor-element-48267cc\" data-id=\"48267cc\" data-element_type=\"column\">\n\t\t\t<div class=\"elementor-widget-wrap elementor-element-populated\">\n\t\t\t\t\t\t\t\t<div class=\"elementor-element elementor-element-b00c2a3 elementor-widget elementor-widget-heading\" data-id=\"b00c2a3\" data-element_type=\"widget\" data-widget_type=\"heading.default\">\n\t\t\t\t<div class=\"elementor-widget-container\">\n\t\t\t<style>\/*! elementor - v3.14.0 - 18-06-2023 *\/\n.elementor-heading-title{padding:0;margin:0;line-height:1}.elementor-widget-heading .elementor-heading-title[class*=elementor-size-]>a{color:inherit;font-size:inherit;line-height:inherit}.elementor-widget-heading .elementor-heading-title.elementor-size-small{font-size:15px}.elementor-widget-heading .elementor-heading-title.elementor-size-medium{font-size:19px}.elementor-widget-heading .elementor-heading-title.elementor-size-large{font-size:29px}.elementor-widget-heading .elementor-heading-title.elementor-size-xl{font-size:39px}.elementor-widget-heading .elementor-heading-title.elementor-size-xxl{font-size:59px}<\/style><h2 class=\"elementor-heading-title elementor-size-default\">kontakt os<\/h2>\t\t<\/div>\n\t\t\t\t<\/div>\n\t\t\t\t\t<\/div>\n\t\t<\/div>\n\t\t\t\t<div class=\"elementor-column elementor-col-50 elementor-top-column elementor-element elementor-element-f0d0de1\" data-id=\"f0d0de1\" data-element_type=\"column\">\n\t\t\t<div class=\"elementor-widget-wrap elementor-element-populated\">\n\t\t\t\t\t\t\t\t<div class=\"elementor-element elementor-element-4ad6f61 elementor-widget elementor-widget-shortcode\" data-id=\"4ad6f61\" data-element_type=\"widget\" data-widget_type=\"shortcode.default\">\n\t\t\t\t<div class=\"elementor-widget-container\">\n\t\t\t\t\t<div class=\"elementor-shortcode\"><script charset=\"utf-8\" type=\"text\/javascript\" src=\"\/\/js.hsforms.net\/forms\/embed\/v2.js\"><\/script>\n<script>\n  hbspt.forms.create({\n    region: \"na1\",\n    portalId: \"19858477\",\n    formId: \"d198b673-5f2e-4058-b62b-f9367f8f0396\"\n  });\n<\/script><\/div>\n\t\t\t\t<\/div>\n\t\t\t\t<\/div>\n\t\t\t\t\t<\/div>\n\t\t<\/div>\n\t\t\t\t\t\t\t<\/div>\n\t\t<\/section>\n\t\t\t\t\t\t\t<\/div>\n\t\t","protected":false},"excerpt":{"rendered":"<p>kontakt os<\/p>\n","protected":false},"author":1,"featured_media":0,"parent":0,"menu_order":0,"comment_status":"closed","ping_status":"closed","template":"elementor_header_footer","meta":{"content-type":"","inline_featured_image":false,"footnotes":""},"class_list":["post-7699","page","type-page","status-publish","hentry","entry"],"rttpg_featured_image_url":null,"rttpg_author":{"display_name":"Kunal","author_link":"https:\/\/coboconsult.dk\/da\/author\/admin\/"},"rttpg_comment":0,"rttpg_category":"","rttpg_excerpt":"kontakt os","_links":{"self":[{"href":"https:\/\/coboconsult.dk\/da\/wp-json\/wp\/v2\/pages\/7699","targetHints":{"allow":["GET"]}}],"collection":[{"href":"https:\/\/coboconsult.dk\/da\/wp-json\/wp\/v2\/pages"}],"about":[{"href":"https:\/\/coboconsult.dk\/da\/wp-json\/wp\/v2\/types\/page"}],"author":[{"embeddable":true,"href":"https:\/\/coboconsult.dk\/da\/wp-json\/wp\/v2\/users\/1"}],"replies":[{"embeddable":true,"href":"https:\/\/coboconsult.dk\/da\/wp-json\/wp\/v2\/comments?post=7699"}],"version-history":[{"count":7,"href":"https:\/\/coboconsult.dk\/da\/wp-json\/wp\/v2\/pages\/7699\/revisions"}],"predecessor-version":[{"id":7720,"href":"https:\/\/coboconsult.dk\/da\/wp-json\/wp\/v2\/pages\/7699\/revisions\/7720"}],"wp:attachment":[{"href":"https:\/\/coboconsult.dk\/da\/wp-json\/wp\/v2\/media?parent=7699"}],"curies":[{"name":"wp","href":"https:\/\/api.w.org\/{rel}","templated":true}]}}