{"id":7010,"date":"2023-03-29T12:03:35","date_gmt":"2023-03-29T12:03:35","guid":{"rendered":"https:\/\/coboconsult.dk\/?page_id=7010"},"modified":"2023-03-29T12:54:37","modified_gmt":"2023-03-29T12:54:37","slug":"privatlivspolitik","status":"publish","type":"page","link":"https:\/\/coboconsult.dk\/da\/privatlivspolitik\/","title":{"rendered":"Privatlivspolitik"},"content":{"rendered":"\n<h2 class=\"wp-block-heading\">Hvem er vi<\/h2>\n\n\n\n<p>Vores webstedsadresse er: https:\/\/coboconsult.dk.<\/p>\n\n\n\n<h2 class=\"wp-block-heading\">Cookies<\/h2>\n\n\n\n<p>Hvis du skriver en indtaster data p\u00e5 vores websted, kan du v\u00e6lge at gemme dit navn, e-mailadresse og websted i cookies. Disse er til din bekvemmeligehed, s\u00e5 du ikke skal udfylde dine oplysninger igen. Disse cookies vil holde i et \u00e5r.<\/p>\n\n\n\n<p><\/p>\n\n\n\n<h2 class=\"wp-block-heading\">Indlejret indhold fra andre websteder<\/h2>\n\n\n\n<p>Artikler p\u00e5 dette websted kan indeholde indlejret indhold (f.eks. videoer, billeder, artikler osv.). Indlejret indhold fra andre websteder opf\u00f8rer sig p\u00e5 n\u00f8jagtig samme m\u00e5de, som hvis den bes\u00f8gende har bes\u00f8gt det andet websted.<\/p>\n\n\n\n<p>Disse websteder indsamler m\u00e5ske data om dig, bruger cookies, indlejrer ekstra tredjeparts sporing, og overv\u00e5ger din interaktion med dette indlejrede indhold, heriblandt at spore din interaktion med indlejret indhold, hvis du har en konto og en logget ind p\u00e5 det websted.<\/p>\n\n\n\n<h2 class=\"wp-block-heading\">Hvilke rettigheder har du over dine data<\/h2>\n\n\n\n<p>Du kan bede om, at vi sletter alle personlige data, vi har om dig. Dette indbefatter ikke nogen form for data, som vi er forpligtede til at gemme af administrative, lovm\u00e6ssige eller sikkerhedsm\u00e6ssige grunde.<\/p>\n\n\n\n<h2 class=\"wp-block-heading\"><\/h2>\n","protected":false},"excerpt":{"rendered":"<p>Hvem er vi Vores webstedsadresse er: https:\/\/coboconsult.dk. Cookies Hvis du skriver en indtaster data p\u00e5 vores websted, kan du v\u00e6lge at gemme dit navn, e-mailadresse og websted i cookies. Disse er til din bekvemmeligehed, s\u00e5 du ikke skal udfylde dine oplysninger igen. Disse cookies vil holde i et \u00e5r. Indlejret indhold fra andre websteder Artikler [&hellip;]<\/p>\n","protected":false},"author":1,"featured_media":0,"parent":0,"menu_order":0,"comment_status":"closed","ping_status":"closed","template":"","meta":{"content-type":"","inline_featured_image":false,"footnotes":""},"class_list":["post-7010","page","type-page","status-publish","hentry","entry"],"rttpg_featured_image_url":null,"rttpg_author":{"display_name":"Kunal","author_link":"https:\/\/coboconsult.dk\/da\/author\/admin\/"},"rttpg_comment":0,"rttpg_category":null,"rttpg_excerpt":"Hvem er vi Vores webstedsadresse er: https:\/\/coboconsult.dk. Cookies Hvis du skriver en indtaster data p\u00e5 vores websted, kan du v\u00e6lge at gemme dit navn, e-mailadresse og websted i cookies. Disse er til din bekvemmeligehed, s\u00e5 du ikke skal udfylde dine oplysninger igen. Disse cookies vil holde i et \u00e5r. Indlejret indhold fra andre websteder Artikler&hellip;","_links":{"self":[{"href":"https:\/\/coboconsult.dk\/da\/wp-json\/wp\/v2\/pages\/7010","targetHints":{"allow":["GET"]}}],"collection":[{"href":"https:\/\/coboconsult.dk\/da\/wp-json\/wp\/v2\/pages"}],"about":[{"href":"https:\/\/coboconsult.dk\/da\/wp-json\/wp\/v2\/types\/page"}],"author":[{"embeddable":true,"href":"https:\/\/coboconsult.dk\/da\/wp-json\/wp\/v2\/users\/1"}],"replies":[{"embeddable":true,"href":"https:\/\/coboconsult.dk\/da\/wp-json\/wp\/v2\/comments?post=7010"}],"version-history":[{"count":4,"href":"https:\/\/coboconsult.dk\/da\/wp-json\/wp\/v2\/pages\/7010\/revisions"}],"predecessor-version":[{"id":7014,"href":"https:\/\/coboconsult.dk\/da\/wp-json\/wp\/v2\/pages\/7010\/revisions\/7014"}],"wp:attachment":[{"href":"https:\/\/coboconsult.dk\/da\/wp-json\/wp\/v2\/media?parent=7010"}],"curies":[{"name":"wp","href":"https:\/\/api.w.org\/{rel}","templated":true}]}}